{"id":17,"date":"2021-11-01T10:12:06","date_gmt":"2021-11-01T01:12:06","guid":{"rendered":"https:\/\/wakosangyou.co.jp\/?page_id=17"},"modified":"2022-04-05T21:11:54","modified_gmt":"2022-04-05T12:11:54","slug":"%e5%84%aa%e3%82%8c%e3%81%9f%e3%82%af%e3%83%aa%e3%82%a8%e3%83%bc%e3%82%bf%e3%83%bc%e3%81%ae%e3%81%9f%e3%82%81%e3%81%ae%e7%be%8e%e3%81%97%e3%81%84%e3%83%9d%e3%83%bc%e3%83%88%e3%83%95%e3%82%a9%e3%83%aa","status":"publish","type":"page","link":"https:\/\/wakosangyou.co.jp\/","title":{"rendered":""},"content":{"rendered":"\n<div style=\"height:55px\" aria-hidden=\"true\" class=\"wp-block-spacer\"><\/div>\n\n\n\n<div class=\"wp-block-group alignfull\" id=\"cleanrefre\"><div class=\"wp-block-group__inner-container is-layout-flow wp-block-group-is-layout-flow\">\n<div class=\"wp-block-columns is-layout-flex wp-container-core-columns-is-layout-9d6595d7 wp-block-columns-is-layout-flex\">\n<div class=\"wp-block-column is-vertically-aligned-center is-layout-flow wp-block-column-is-layout-flow\">\n<h2 class=\"wp-block-heading\">\u30af\u30ea\u30fc\u30f3\u30fb\u30ea\u30d5\u30ec\u306e3\u3064\u306e\u30dd\u30a4\u30f3\u30c8<\/h2>\n\n\n\n<ol class=\"wp-block-list\" style=\"font-size:14px\"><li><strong>\u5f37\u3044\u9664\u83cc\u529b<\/strong><br>\u30fb\u85ac\u5264\u4e0d\u4f7f\u7528\u306a\u306e\u306b\u3001\u30a2\u30eb\u30b3\u30fc\u30eb\u4e26\u307f\u306e\u9664\u83cc\u529b\uff01\u83cc\u3084\u30a6\u30a4\u30eb\u30b9\u5bfe\u7b56\u306b\u6700\u9069\u3067\u3059\u3002<br>\u30fb\u591a\u69d8\u306a\u9664\u83cc\u8a66\u9a13\u306b\u3088\u308b\u8c4a\u5bcc\u306a\u691c\u8a3c\u30c7\u30fc\u30bf<\/li><li><strong>\u9ad8\u3044\u5b89\u5168\u6027<\/strong><br>\u30fb\u6c34\u3068\u5869\u304b\u3089\u3064\u304f\u3089\u308c\u3066\u3044\u3066\u3001\u4eba\u306e\u5065\u5eb7\u3092\u640d\u306a\u3046\u6050\u308c\u306e\u306a\u3044\u201c\u98df\u54c1\u6dfb\u52a0\u7269\uff08\u6d17\u6d44\u7528\uff09\u201d<\/li><li><strong>\u6c34\u611f\u899a\u3067\u4f7f\u3044\u65b9\u3044\u308d\u3044\u308d<\/strong><br>\u30fb\u5f31\u9178\u6027\u3067\u3001\u5869\u5206\u306b\u542b\u307e\u308c\u3066\u304a\u308a\u307e\u305b\u3093\u3002\u98df\u5668\u3001\u304a\u5b50\u69d8\u306e\u7528\u54c1\u306a\u3069\u3001\u6c17\u306b\u306a\u308b\u3068\u3053\u308d\u306b\u304b\u3051\u3066\u304a\u4f7f\u3044\u3044\u305f\u3060\u3051\u307e\u3059\u3002\u307e\u305f\u52a0\u6e7f\u5668\u7b49\u3067\u3054\u5229\u7528\u3044\u305f\u3060\u3051\u307e\u3059\u3002<\/li><\/ol>\n\n\n\n<div class=\"wp-block-buttons alignwide is-horizontal is-content-justification-left is-layout-flex wp-container-core-buttons-is-layout-7e5fce0a wp-block-buttons-is-layout-flex\">\n<div class=\"wp-block-button is-style-outline is-style-outline--1\"><a class=\"wp-block-button__link no-border-radius\" href=\"https:\/\/act.musashino.co.jp\/actm\/064\/?utm_source=064&amp;utm_medium=other&amp;utm_campaign=actm\" target=\"_blank\" rel=\"noreferrer noopener\"><meta charset=\"utf-8\">\u5546\u54c1\u306e\u3054\u6848\u5185<\/a><\/div>\n<\/div>\n\n\n\n<p><\/p>\n<\/div>\n\n\n\n<div class=\"wp-block-column is-layout-flow wp-block-column-is-layout-flow\">\n<div style=\"height:48px\" aria-hidden=\"true\" class=\"wp-block-spacer\"><\/div>\n\n\n\n<figure class=\"wp-block-image size-full is-style-default\"><img loading=\"lazy\" decoding=\"async\" width=\"1200\" height=\"900\" src=\"https:\/\/wakosangyou.co.jp\/wp-content\/uploads\/2021\/11\/clean_refre001.jpg\" alt=\"\" class=\"wp-image-59\" srcset=\"https:\/\/wakosangyou.co.jp\/wp-content\/uploads\/2021\/11\/clean_refre001.jpg 1200w, https:\/\/wakosangyou.co.jp\/wp-content\/uploads\/2021\/11\/clean_refre001-300x225.jpg 300w, https:\/\/wakosangyou.co.jp\/wp-content\/uploads\/2021\/11\/clean_refre001-1024x768.jpg 1024w, https:\/\/wakosangyou.co.jp\/wp-content\/uploads\/2021\/11\/clean_refre001-768x576.jpg 768w\" sizes=\"auto, (max-width: 1200px) 100vw, 1200px\" \/><\/figure>\n<\/div>\n<\/div>\n<\/div><\/div>\n\n\n\n<div class=\"wp-block-group alignfull has-background\" id=\"ionica\" style=\"background-color:#dbfffd\"><div class=\"wp-block-group__inner-container is-layout-flow wp-block-group-is-layout-flow\">\n<div class=\"wp-block-columns are-vertically-aligned-center is-layout-flex wp-container-core-columns-is-layout-9d6595d7 wp-block-columns-is-layout-flex\">\n<div class=\"wp-block-column is-vertically-aligned-center is-layout-flow wp-block-column-is-layout-flow\">\n<div style=\"height:48px\" aria-hidden=\"true\" class=\"wp-block-spacer\"><\/div>\n\n\n\n<figure class=\"wp-block-image size-full\"><img loading=\"lazy\" decoding=\"async\" width=\"1200\" height=\"900\" src=\"https:\/\/wakosangyou.co.jp\/wp-content\/uploads\/2021\/11\/ionica001.jpg\" alt=\"\" class=\"wp-image-62\" srcset=\"https:\/\/wakosangyou.co.jp\/wp-content\/uploads\/2021\/11\/ionica001.jpg 1200w, https:\/\/wakosangyou.co.jp\/wp-content\/uploads\/2021\/11\/ionica001-300x225.jpg 300w, https:\/\/wakosangyou.co.jp\/wp-content\/uploads\/2021\/11\/ionica001-1024x768.jpg 1024w, https:\/\/wakosangyou.co.jp\/wp-content\/uploads\/2021\/11\/ionica001-768x576.jpg 768w\" sizes=\"auto, (max-width: 1200px) 100vw, 1200px\" \/><\/figure>\n<\/div>\n\n\n\n<div class=\"wp-block-column is-vertically-aligned-center is-layout-flow wp-block-column-is-layout-flow\">\n<h2 class=\"has-black-color has-text-color wp-block-heading\">ionica LIFE CERAMICS<\/h2>\n\n\n\n<h4 class=\"wp-block-heading\">ionica\u3092\u697d\u3057\u3080\u305f\u3081\u306e\u30ec\u30b7\u30d4<\/h4>\n\n\n\n<p style=\"font-size:14px\">\u6bce\u65e5\u3092\u5065\u5eb7\u306b\u904e\u3054\u3059\u305f\u3081\u306b\u2026<br>\u85ac\u3067\u306f\u3042\u308a\u307e\u305b\u3093\u306e\u3067\u6bce\u65e5\u98f2\u3093\u3067\u3082\u554f\u984c\u3042\u308a\u307e\u305b\u3093\u3002<br>\u98f2\u3080\u91cf\u306f\u6700\u521d\u306b\u591a\u304f\u98f2\u3080\u307b\u3046\u304c\u52b9\u679c\u3092\u4f53\u611f\u3067\u304d\u307e\u3059\u3002<br>\u671d3\u7c92\u3001\u663c3\u7c92\u3001\u591c3\u7c92\u304c\u7406\u60f3\u3067\u3059\u3002<br><br>\u52b9\u679c\u304c\u73fe\u308c\u307e\u3057\u305f\u3089\u5f90\u3005\u306b\u98f2\u3080\u91cf\u3092\u6e1b\u3089\u3057\u3066\u304f\u3060\u3055\u3044\u3002<br>\u4e00\u65e53\u7c92\u3067\u5927\u4e08\u592b\u3067\u3059\u3002\u6bce\u65e5\u6b20\u304b\u3055\u305a\u98f2\u3080\u3053\u3068\u304c<br>\u8cb4\u65b9\u306e\u5065\u5eb7\u3092\u7dad\u6301\u3057\u307e\u3059\u3002<\/p>\n\n\n\n<div class=\"wp-block-buttons is-layout-flex wp-block-buttons-is-layout-flex\">\n<div class=\"wp-block-button is-style-outline is-style-outline--2\"><a class=\"wp-block-button__link no-border-radius\" href=\"http:\/\/www.kasansou.co.jp\/\" target=\"_blank\" rel=\"noreferrer noopener\">\u5546\u54c1\u306e\u3054\u6848\u5185<\/a><\/div>\n<\/div>\n<\/div>\n<\/div>\n<\/div><\/div>\n\n\n\n<div class=\"wp-block-contact-form-7-contact-form-selector\"><div role=\"form\" class=\"wpcf7\" id=\"wpcf7-f100-o1\" lang=\"ja\" dir=\"ltr\">\n<div class=\"screen-reader-response\"><p role=\"status\" aria-live=\"polite\" aria-atomic=\"true\"><\/p> <ul><\/ul><\/div>\n<form action=\"\/index.php?rest_route=%2Fwp%2Fv2%2Fpages%2F17#wpcf7-f100-o1\" method=\"post\" class=\"wpcf7-form init\" novalidate=\"novalidate\" data-status=\"init\">\n<div style=\"display: none;\">\n<input type=\"hidden\" name=\"_wpcf7\" value=\"100\" \/>\n<input type=\"hidden\" name=\"_wpcf7_version\" value=\"5.5.6\" \/>\n<input type=\"hidden\" name=\"_wpcf7_locale\" value=\"ja\" \/>\n<input type=\"hidden\" name=\"_wpcf7_unit_tag\" value=\"wpcf7-f100-o1\" \/>\n<input type=\"hidden\" name=\"_wpcf7_container_post\" value=\"0\" \/>\n<input type=\"hidden\" name=\"_wpcf7_posted_data_hash\" value=\"\" \/>\n<\/div>\n<table class=\"CF7_table\">\n<tr>\n<th><span class=\"CF7_req\">\u5fc5\u9808<\/span> \u3054\u76f8\u8ac7\u5185\u5bb9<\/th>\n<td><span class=\"wpcf7-form-control-wrap checkbox-inq\"><span class=\"wpcf7-form-control wpcf7-checkbox wpcf7-validates-as-required\"><span class=\"wpcf7-list-item first\"><input type=\"checkbox\" name=\"checkbox-inq[]\" value=\"\u3054\u76f8\u8ac7\" \/><span class=\"wpcf7-list-item-label\">\u3054\u76f8\u8ac7<\/span><\/span><span class=\"wpcf7-list-item\"><input type=\"checkbox\" name=\"checkbox-inq[]\" value=\"\u304a\u898b\u7a4d\u3082\u308a\" \/><span class=\"wpcf7-list-item-label\">\u304a\u898b\u7a4d\u3082\u308a<\/span><\/span><span class=\"wpcf7-list-item\"><input type=\"checkbox\" name=\"checkbox-inq[]\" value=\"\u304a\u554f\u3044\u5408\u308f\u305b\" \/><span class=\"wpcf7-list-item-label\">\u304a\u554f\u3044\u5408\u308f\u305b<\/span><\/span><span class=\"wpcf7-list-item last\"><input type=\"checkbox\" name=\"checkbox-inq[]\" value=\"\u305d\u306e\u4ed6\" \/><span class=\"wpcf7-list-item-label\">\u305d\u306e\u4ed6<\/span><\/span><\/span><\/span><\/td>\n<\/tr>\n<tr>\n<th><span class=\"CF7_req\">\u5fc5\u9808<\/span> \u304a\u540d\u524d<\/th>\n<td><span class=\"wpcf7-form-control-wrap your-name\"><input type=\"text\" name=\"your-name\" value=\"\" size=\"40\" class=\"wpcf7-form-control wpcf7-text wpcf7-validates-as-required\" aria-required=\"true\" aria-invalid=\"false\" placeholder=\"\u4f8b\uff1a\u3042\u306a\u305f\u306e\u304a\u540d\u524d\" \/><\/span> <\/td>\n<\/tr>\n<tr>\n<th><span class=\"CF7_req\">\u5fc5\u9808<\/span> \u30e1\u30fc\u30eb\u30a2\u30c9\u30ec\u30b9<\/th>\n<td><span class=\"wpcf7-form-control-wrap your-email\"><input type=\"email\" name=\"your-email\" value=\"\" size=\"40\" class=\"wpcf7-form-control wpcf7-text wpcf7-email wpcf7-validates-as-required wpcf7-validates-as-email\" aria-required=\"true\" aria-invalid=\"false\" placeholder=\"\u4f8b\uff1a\u00d7\u00d7\u00d7@\u00d7\u00d7\u00d7.com\" \/><\/span><\/td>\n<\/tr>\n<tr>\n<th><span class=\"CF7_unreq\">\u4efb\u610f<\/span>\u4f1a\u793e\u540d<\/th>\n<td><span class=\"wpcf7-form-control-wrap your-company\"><input type=\"text\" name=\"your-company\" value=\"\" size=\"40\" class=\"wpcf7-form-control wpcf7-text\" aria-invalid=\"false\" placeholder=\"\u4f8b\uff1a\u25ef\u25ef\u682a\u5f0f\u4f1a\u793e\" \/><\/span><\/td>\n<\/tr>\n<tr>\n<th><span class=\"CF7_req\">\u5fc5\u9808<\/span>\u90f5\u4fbf\u756a\u53f7<\/th>\n<td><span class=\"wpcf7-form-control-wrap zip\"><input type=\"text\" name=\"zip\" value=\"\" size=\"40\" class=\"wpcf7-form-control wpcf7-text wpcf7-validates-as-required\" id=\"zip\" aria-required=\"true\" aria-invalid=\"false\" placeholder=\"\u4f8b\uff1a123-4567\" \/><\/span> <\/td>\n<\/tr>\n<tr>\n<th><span class=\"CF7_req\">\u5fc5\u9808<\/span>\u90fd\u9053\u5e9c\u770c<\/th>\n<td><span class=\"wpcf7-form-control-wrap pref\"><input type=\"text\" name=\"pref\" value=\"\" size=\"40\" class=\"wpcf7-form-control wpcf7-text wpcf7-validates-as-required\" id=\"pref\" aria-required=\"true\" aria-invalid=\"false\" placeholder=\"\u4f8b\uff1a\u6771\u4eac\u90fd\" \/><\/span><\/td>\n<\/tr>\n<tr>\n<th><span class=\"CF7_req\">\u5fc5\u9808<\/span>\u3054\u4f4f\u6240<\/th>\n<td class=\"address-100\"><span class=\"wpcf7-form-control-wrap addr\"><input type=\"text\" name=\"addr\" value=\"\" size=\"40\" class=\"wpcf7-form-control wpcf7-text wpcf7-validates-as-required\" id=\"addr\" aria-required=\"true\" aria-invalid=\"false\" placeholder=\"\u4f8b\uff1a\u4e2d\u592e\u533a\u9280\u5ea7\uff11\uff12\uff13\uff14\uff15\" \/><\/span><\/td>\n<\/tr>\n<tr>\n<th><span class=\"CF7_req\">\u5fc5\u9808<\/span>\u304a\u96fb\u8a71\u756a\u53f7<\/th>\n<td><span class=\"wpcf7-form-control-wrap your-tel\"><input type=\"text\" name=\"your-tel\" value=\"\" size=\"40\" class=\"wpcf7-form-control wpcf7-text wpcf7-validates-as-required\" aria-required=\"true\" aria-invalid=\"false\" placeholder=\"\u4f8b\uff1a03-1234-5678\" \/><\/span><\/td>\n<\/tr>\n<tr>\n<th><span class=\"CF7_req\">\u5fc5\u9808<\/span>\u30e1\u30c3\u30bb\u30fc\u30b8\u672c\u6587<\/th>\n<td class=\"message-100\"><span class=\"wpcf7-form-control-wrap your-message\"><textarea name=\"your-message\" cols=\"40\" rows=\"10\" class=\"wpcf7-form-control wpcf7-textarea wpcf7-validates-as-required\" aria-required=\"true\" aria-invalid=\"false\" placeholder=\"\u304a\u554f\u3044\u5408\u308f\u305b\u5185\u5bb9\u3092\u3054\u8a18\u5165\u304f\u3060\u3055\u3044\"><\/textarea><\/span>\u3000\t\t<\/td>\n<\/tr>\n<tr>\n<th><span class=\"CF7_req\">\u5fc5\u9808<\/span>\u3053\u3061\u3089\u306e\u6587\u5b57\u5217\u3092\u5165\u529b\u3057\u3066\u304f\u3060\u3055\u3044\u3002<\/th>\n<td class=\"message-100\"><input type=\"hidden\" name=\"_wpcf7_captcha_challenge_captcha-170\" value=\"2135336077\" \/><img loading=\"lazy\" decoding=\"async\" class=\"wpcf7-form-control wpcf7-captchac wpcf7-captcha-captcha-170\" width=\"72\" height=\"24\" alt=\"captcha\" src=\"https:\/\/wakosangyou.co.jp\/wp-content\/uploads\/wpcf7_captcha\/2135336077.png\" \/>\t<span class=\"wpcf7-form-control-wrap captcha-170\"><input type=\"text\" name=\"captcha-170\" value=\"\" size=\"4\" maxlength=\"4\" class=\"wpcf7-form-control wpcf7-captchar\" autocomplete=\"off\" aria-invalid=\"false\" \/><\/span>\t<\/td>\n<\/tr>\n<\/table>\n<p class=\"CF7_btn\"><input type=\"submit\" value=\"\u9001\u4fe1\u3059\u308b\" class=\"wpcf7-form-control has-spinner wpcf7-submit\" \/><\/p>\n<p style=\"display: none !important;\"><label>&#916;<textarea name=\"_wpcf7_ak_hp_textarea\" cols=\"45\" rows=\"8\" maxlength=\"100\"><\/textarea><\/label><input type=\"hidden\" id=\"ak_js_1\" name=\"_wpcf7_ak_js\" value=\"242\"\/><script>document.getElementById( \"ak_js_1\" ).setAttribute( \"value\", ( new Date() ).getTime() );<\/script><\/p><div class=\"wpcf7-response-output\" aria-hidden=\"true\"><\/div><\/form><\/div><\/div>\n\n\n\n<div class=\"wp-block-cover alignfull is-light has-parallax is-position-center-center\" style=\"background-image:url(https:\/\/wakosangyou.co.jp\/wp-content\/uploads\/2021\/11\/backgroud02.jpg);min-height:375px;aspect-ratio:unset;\"><span aria-hidden=\"true\" class=\"has-background-dim-0 wp-block-cover__gradient-background has-background-dim\" style=\"background-color:#56b1a9\"><\/span><div class=\"wp-block-cover__inner-container is-layout-flow wp-block-cover-is-layout-flow\">\n<p class=\"has-text-align-center has-black-color has-text-color\" style=\"font-size:28px;line-height:1.1\"><strong>\u548c\u5149\u7523\u696d\u682a\u5f0f\u4f1a\u793e<\/strong><\/p>\n\n\n\n<p class=\"has-text-align-center has-black-color has-text-color\">\u3012715-0024 \u5ca1\u5c71\u770c\u4e95\u539f\u5e02\u9ad8\u5c4b\u753a943<br>\u8a2d\u7acb\uff1a1961\u5e746\u670827\u65e5<br>\u4ee3\u8868\uff1a\u571f\u80a5 \u4e09\u90ce<br>\u30e1\u30fc\u30eb\uff1as_tohi@ibara.ne.jp<br>\u304a\u554f\u3044\u5408\u308f\u305b\uff1a0866-67-0521<\/p>\n\n\n\n<p class=\"has-text-align-center has-black-color has-text-color\" style=\"font-size:12px\">Copyright \u00a9 Wakosangyou Corporation. All Rights Reserved.<\/p>\n<\/div><\/div>\n","protected":false},"excerpt":{"rendered":"<p>\u30af\u30ea\u30fc\u30f3\u30fb\u30ea\u30d5\u30ec\u306e3\u3064\u306e\u30dd\u30a4\u30f3\u30c8 \u5f37\u3044\u9664\u83cc\u529b\u30fb\u85ac\u5264\u4e0d\u4f7f\u7528\u306a\u306e\u306b\u3001\u30a2\u30eb\u30b3\u30fc\u30eb\u4e26\u307f\u306e\u9664\u83cc\u529b\uff01\u83cc\u3084\u30a6\u30a4\u30eb\u30b9\u5bfe\u7b56\u306b\u6700\u9069\u3067\u3059\u3002\u30fb\u591a\u69d8\u306a\u9664\u83cc\u8a66\u9a13\u306b\u3088\u308b\u8c4a\u5bcc\u306a\u691c\u8a3c\u30c7\u30fc\u30bf \u9ad8\u3044\u5b89\u5168\u6027\u30fb\u6c34\u3068\u5869\u304b\u3089\u3064\u304f\u3089\u308c\u3066\u3044\u3066\u3001\u4eba\u306e\u5065\u5eb7\u3092\u640d\u306a\u3046\u6050\u308c\u306e\u306a\u3044 &hellip; <\/p>\n<p class=\"link-more\"><a href=\"https:\/\/wakosangyou.co.jp\/\" class=\"more-link\">\u7d9a\u304d\u3092\u8aad\u3080<span class=\"screen-reader-text\"> &#8220;&#8221;<\/span><\/a><\/p>\n","protected":false},"author":1,"featured_media":16,"parent":0,"menu_order":0,"comment_status":"closed","ping_status":"closed","template":"","meta":{"_monsterinsights_skip_tracking":false,"_monsterinsights_sitenote_active":false,"_monsterinsights_sitenote_note":"","_monsterinsights_sitenote_category":0,"footnotes":""},"class_list":["post-17","page","type-page","status-publish","has-post-thumbnail","hentry"],"_links":{"self":[{"href":"https:\/\/wakosangyou.co.jp\/index.php?rest_route=\/wp\/v2\/pages\/17","targetHints":{"allow":["GET"]}}],"collection":[{"href":"https:\/\/wakosangyou.co.jp\/index.php?rest_route=\/wp\/v2\/pages"}],"about":[{"href":"https:\/\/wakosangyou.co.jp\/index.php?rest_route=\/wp\/v2\/types\/page"}],"author":[{"embeddable":true,"href":"https:\/\/wakosangyou.co.jp\/index.php?rest_route=\/wp\/v2\/users\/1"}],"replies":[{"embeddable":true,"href":"https:\/\/wakosangyou.co.jp\/index.php?rest_route=%2Fwp%2Fv2%2Fcomments&post=17"}],"version-history":[{"count":17,"href":"https:\/\/wakosangyou.co.jp\/index.php?rest_route=\/wp\/v2\/pages\/17\/revisions"}],"predecessor-version":[{"id":104,"href":"https:\/\/wakosangyou.co.jp\/index.php?rest_route=\/wp\/v2\/pages\/17\/revisions\/104"}],"wp:featuredmedia":[{"embeddable":true,"href":"https:\/\/wakosangyou.co.jp\/index.php?rest_route=\/wp\/v2\/media\/16"}],"wp:attachment":[{"href":"https:\/\/wakosangyou.co.jp\/index.php?rest_route=%2Fwp%2Fv2%2Fmedia&parent=17"}],"curies":[{"name":"wp","href":"https:\/\/api.w.org\/{rel}","templated":true}]}}